{"id":741,"date":"2014-12-07T22:43:11","date_gmt":"2014-12-07T21:43:11","guid":{"rendered":"http:\/\/www.genealogiedesdieuxgrecs.com\/Genealogie_des_Dieux_grecs\/?page_id=741"},"modified":"2019-05-17T23:45:18","modified_gmt":"2019-05-17T21:45:18","slug":"mentions-legales","status":"publish","type":"page","link":"https:\/\/genealogiedesdieuxgrecs.com\/Genealogie_des_Dieux_grecs\/mentions-legales\/","title":{"rendered":"Mentions l\u00e9gales"},"content":{"rendered":"<h2>Disclaimer<\/h2>\n<p>Ce site est purement personnel et n&rsquo;a aucune intention commerciale. Il faut le voir comme un carnet de notes sur la mythologie grecque en g\u00e9n\u00e9rale. En particulier, ce site a aussi pour but de pr\u00e9senter les diff\u00e9rentes filiations entre les Dieux, les diff\u00e9rentes divinit\u00e9s et les hommes. Les textes sont le r\u00e9sum\u00e9 des mes diff\u00e9rentes lectures.<\/p>\n<p>En revanche la mani\u00e8re d&rsquo;\u00e9crire est relativement libre pour parler par euph\u00e9misme. Ce site n&rsquo;est pas \u00e0 vocation culturelle ni \u00e9ducative, ce site n&rsquo;est pas une r\u00e9f\u00e9rence de la mythologie.<\/p>\n<p>Vous <a href=\"http:\/\/www.genealogiedesdieuxgrecs.com\/Genealogie_des_Dieux_grecs\/contact\/\">pouvez me contacter ici<\/a> ou \u00e0\u00a0 crom &lt;&lt;\u00e0&gt;&gt;\u00a0 genealogiedesdieuxgrecs.com<\/p>\n<p>Bonne lecture.<\/p>\n<p>Ce site n&rsquo;enregistre aucune donn\u00e9es des utilisateurs qui le parcourent. Seul Google Analytics enregistre des informations de connexion uniquement pour un objectif de statistiques. C&rsquo;est le seul but du cookie d\u00e9pos\u00e9 chez vous. Vous remarquerez qu&rsquo;il n&rsquo;y a pas de pub sur le site. Donc, j&rsquo;ai rien \u00e0 vous vendre et je me fiche de vos donn\u00e9es.<\/p>\n<p>Par ailleurs, je ne suis ni historien, ni chercheur sur des sujets touchant \u00e0 la mythologie grecque. Ce site est purement ludique. Je suis pr\u00eat \u00e0 \u00e9couter toute remarque sur son contenu et les erreurs \u00e9ventuelles qu&rsquo;il pourrait y avoir.<\/p>\n<p style=\"text-align: center;\"><strong>En r\u00e9sum\u00e9, le contenu se veut juste, mais ne pr\u00e9tend pas l&rsquo;\u00eatre.<\/strong><\/p>\n<p>A nouveau, bonne lecture, en toute tranquillit\u00e9.<\/p>\n<p>H\u00e9bergement:<\/p>\n<p>ONLINE<\/p>\n<p>8 rue de la ville l&rsquo;Ev\u00eaque &#8211; 75008 PARIS<\/p>\n<p>RCS PARIS B 433 115 904<\/p>\n<p>num\u00e9ro de TVA FR35433115904<\/p>\n<p>site Internet http\/\/www.online.net\/<\/p>\n<p>0899 193 788 (1,35\u20ac par appel puis 0,34\u20ac \/ min)<\/p>\n<p>01 84 13 00 00<\/p>\n<p>FAX au 0899 193 775 (1,35\u20ac par appel puis 0,34\u20ac \/ min)<\/p>\n","protected":false},"excerpt":{"rendered":"<p>Disclaimer Ce site est purement personnel et n&rsquo;a aucune intention commerciale. Il faut le voir comme un carnet de notes sur la mythologie grecque en g\u00e9n\u00e9rale. En particulier, ce site a aussi pour but de pr\u00e9senter les diff\u00e9rentes filiations entre les Dieux, les diff\u00e9rentes divinit\u00e9s et les hommes. Les textes sont le r\u00e9sum\u00e9 des mes &hellip; <\/p>\n<p class=\"link-more\"><a href=\"https:\/\/genealogiedesdieuxgrecs.com\/Genealogie_des_Dieux_grecs\/mentions-legales\/\" class=\"more-link\">Continuer la lecture<span class=\"screen-reader-text\"> de &laquo;&nbsp;Mentions l\u00e9gales&nbsp;&raquo;<\/span><\/a><\/p>\n","protected":false},"author":2,"featured_media":0,"parent":0,"menu_order":0,"comment_status":"closed","ping_status":"open","template":"","meta":{"footnotes":""},"class_list":["post-741","page","type-page","status-publish","hentry"],"yoast_head":"<!-- This site is optimized with the Yoast SEO plugin v24.9 - https:\/\/yoast.com\/wordpress\/plugins\/seo\/ -->\n<title>Mentions l\u00e9gales - Genealogie des divinit\u00e9s de la mythologie grecque<\/title>\n<meta name=\"robots\" content=\"index, follow, max-snippet:-1, max-image-preview:large, max-video-preview:-1\" \/>\n<link rel=\"canonical\" href=\"https:\/\/genealogiedesdieuxgrecs.com\/Genealogie_des_Dieux_grecs\/mentions-legales\/\" \/>\n<meta property=\"og:locale\" content=\"fr_FR\" \/>\n<meta property=\"og:type\" content=\"article\" \/>\n<meta property=\"og:title\" content=\"Mentions l\u00e9gales - Genealogie des divinit\u00e9s de la mythologie grecque\" \/>\n<meta property=\"og:description\" content=\"Disclaimer Ce site est purement personnel et n&rsquo;a aucune intention commerciale. Il faut le voir comme un carnet de notes sur la mythologie grecque en g\u00e9n\u00e9rale. En particulier, ce site a aussi pour but de pr\u00e9senter les diff\u00e9rentes filiations entre les Dieux, les diff\u00e9rentes divinit\u00e9s et les hommes. Les textes sont le r\u00e9sum\u00e9 des mes &hellip; Continuer la lecture de &laquo;&nbsp;Mentions l\u00e9gales&nbsp;&raquo;\" \/>\n<meta property=\"og:url\" content=\"https:\/\/genealogiedesdieuxgrecs.com\/Genealogie_des_Dieux_grecs\/mentions-legales\/\" \/>\n<meta property=\"og:site_name\" content=\"Genealogie des divinit\u00e9s de la mythologie grecque\" \/>\n<meta property=\"article:modified_time\" content=\"2019-05-17T21:45:18+00:00\" \/>\n<meta name=\"twitter:card\" content=\"summary_large_image\" \/>\n<meta name=\"twitter:label1\" content=\"Dur\u00e9e de lecture estim\u00e9e\" \/>\n\t<meta name=\"twitter:data1\" content=\"1 minute\" \/>\n<script type=\"application\/ld+json\" class=\"yoast-schema-graph\">{\"@context\":\"https:\/\/schema.org\",\"@graph\":[{\"@type\":\"WebPage\",\"@id\":\"https:\/\/genealogiedesdieuxgrecs.com\/Genealogie_des_Dieux_grecs\/mentions-legales\/\",\"url\":\"https:\/\/genealogiedesdieuxgrecs.com\/Genealogie_des_Dieux_grecs\/mentions-legales\/\",\"name\":\"Mentions l\u00e9gales - Genealogie des divinit\u00e9s de la mythologie grecque\",\"isPartOf\":{\"@id\":\"https:\/\/genealogiedesdieuxgrecs.com\/Genealogie_des_Dieux_grecs\/#website\"},\"datePublished\":\"2014-12-07T21:43:11+00:00\",\"dateModified\":\"2019-05-17T21:45:18+00:00\",\"breadcrumb\":{\"@id\":\"https:\/\/genealogiedesdieuxgrecs.com\/Genealogie_des_Dieux_grecs\/mentions-legales\/#breadcrumb\"},\"inLanguage\":\"fr-FR\",\"potentialAction\":[{\"@type\":\"ReadAction\",\"target\":[\"https:\/\/genealogiedesdieuxgrecs.com\/Genealogie_des_Dieux_grecs\/mentions-legales\/\"]}]},{\"@type\":\"BreadcrumbList\",\"@id\":\"https:\/\/genealogiedesdieuxgrecs.com\/Genealogie_des_Dieux_grecs\/mentions-legales\/#breadcrumb\",\"itemListElement\":[{\"@type\":\"ListItem\",\"position\":1,\"name\":\"Accueil\",\"item\":\"https:\/\/genealogiedesdieuxgrecs.com\/Genealogie_des_Dieux_grecs\/\"},{\"@type\":\"ListItem\",\"position\":2,\"name\":\"Mentions l\u00e9gales\"}]},{\"@type\":\"WebSite\",\"@id\":\"https:\/\/genealogiedesdieuxgrecs.com\/Genealogie_des_Dieux_grecs\/#website\",\"url\":\"https:\/\/genealogiedesdieuxgrecs.com\/Genealogie_des_Dieux_grecs\/\",\"name\":\"Genealogie des divinit\u00e9s de la mythologie grecque\",\"description\":\"Du Chaos aux hommes en passant par les D\u00e9esse, Dieux, Nymphes, Muses, Titans, H\u00e9catonchires, Les Moires, les Cyclopes, les G\u00e9ants...\",\"potentialAction\":[{\"@type\":\"SearchAction\",\"target\":{\"@type\":\"EntryPoint\",\"urlTemplate\":\"https:\/\/genealogiedesdieuxgrecs.com\/Genealogie_des_Dieux_grecs\/?s={search_term_string}\"},\"query-input\":{\"@type\":\"PropertyValueSpecification\",\"valueRequired\":true,\"valueName\":\"search_term_string\"}}],\"inLanguage\":\"fr-FR\"}]}<\/script>\n<!-- \/ Yoast SEO plugin. -->","yoast_head_json":{"title":"Mentions l\u00e9gales - Genealogie des divinit\u00e9s de la mythologie grecque","robots":{"index":"index","follow":"follow","max-snippet":"max-snippet:-1","max-image-preview":"max-image-preview:large","max-video-preview":"max-video-preview:-1"},"canonical":"https:\/\/genealogiedesdieuxgrecs.com\/Genealogie_des_Dieux_grecs\/mentions-legales\/","og_locale":"fr_FR","og_type":"article","og_title":"Mentions l\u00e9gales - Genealogie des divinit\u00e9s de la mythologie grecque","og_description":"Disclaimer Ce site est purement personnel et n&rsquo;a aucune intention commerciale. Il faut le voir comme un carnet de notes sur la mythologie grecque en g\u00e9n\u00e9rale. En particulier, ce site a aussi pour but de pr\u00e9senter les diff\u00e9rentes filiations entre les Dieux, les diff\u00e9rentes divinit\u00e9s et les hommes. Les textes sont le r\u00e9sum\u00e9 des mes &hellip; Continuer la lecture de &laquo;&nbsp;Mentions l\u00e9gales&nbsp;&raquo;","og_url":"https:\/\/genealogiedesdieuxgrecs.com\/Genealogie_des_Dieux_grecs\/mentions-legales\/","og_site_name":"Genealogie des divinit\u00e9s de la mythologie grecque","article_modified_time":"2019-05-17T21:45:18+00:00","twitter_card":"summary_large_image","twitter_misc":{"Dur\u00e9e de lecture estim\u00e9e":"1 minute"},"schema":{"@context":"https:\/\/schema.org","@graph":[{"@type":"WebPage","@id":"https:\/\/genealogiedesdieuxgrecs.com\/Genealogie_des_Dieux_grecs\/mentions-legales\/","url":"https:\/\/genealogiedesdieuxgrecs.com\/Genealogie_des_Dieux_grecs\/mentions-legales\/","name":"Mentions l\u00e9gales - Genealogie des divinit\u00e9s de la mythologie grecque","isPartOf":{"@id":"https:\/\/genealogiedesdieuxgrecs.com\/Genealogie_des_Dieux_grecs\/#website"},"datePublished":"2014-12-07T21:43:11+00:00","dateModified":"2019-05-17T21:45:18+00:00","breadcrumb":{"@id":"https:\/\/genealogiedesdieuxgrecs.com\/Genealogie_des_Dieux_grecs\/mentions-legales\/#breadcrumb"},"inLanguage":"fr-FR","potentialAction":[{"@type":"ReadAction","target":["https:\/\/genealogiedesdieuxgrecs.com\/Genealogie_des_Dieux_grecs\/mentions-legales\/"]}]},{"@type":"BreadcrumbList","@id":"https:\/\/genealogiedesdieuxgrecs.com\/Genealogie_des_Dieux_grecs\/mentions-legales\/#breadcrumb","itemListElement":[{"@type":"ListItem","position":1,"name":"Accueil","item":"https:\/\/genealogiedesdieuxgrecs.com\/Genealogie_des_Dieux_grecs\/"},{"@type":"ListItem","position":2,"name":"Mentions l\u00e9gales"}]},{"@type":"WebSite","@id":"https:\/\/genealogiedesdieuxgrecs.com\/Genealogie_des_Dieux_grecs\/#website","url":"https:\/\/genealogiedesdieuxgrecs.com\/Genealogie_des_Dieux_grecs\/","name":"Genealogie des divinit\u00e9s de la mythologie grecque","description":"Du Chaos aux hommes en passant par les D\u00e9esse, Dieux, Nymphes, Muses, Titans, H\u00e9catonchires, Les Moires, les Cyclopes, les G\u00e9ants...","potentialAction":[{"@type":"SearchAction","target":{"@type":"EntryPoint","urlTemplate":"https:\/\/genealogiedesdieuxgrecs.com\/Genealogie_des_Dieux_grecs\/?s={search_term_string}"},"query-input":{"@type":"PropertyValueSpecification","valueRequired":true,"valueName":"search_term_string"}}],"inLanguage":"fr-FR"}]}},"_links":{"self":[{"href":"https:\/\/genealogiedesdieuxgrecs.com\/Genealogie_des_Dieux_grecs\/wp-json\/wp\/v2\/pages\/741","targetHints":{"allow":["GET"]}}],"collection":[{"href":"https:\/\/genealogiedesdieuxgrecs.com\/Genealogie_des_Dieux_grecs\/wp-json\/wp\/v2\/pages"}],"about":[{"href":"https:\/\/genealogiedesdieuxgrecs.com\/Genealogie_des_Dieux_grecs\/wp-json\/wp\/v2\/types\/page"}],"author":[{"embeddable":true,"href":"https:\/\/genealogiedesdieuxgrecs.com\/Genealogie_des_Dieux_grecs\/wp-json\/wp\/v2\/users\/2"}],"replies":[{"embeddable":true,"href":"https:\/\/genealogiedesdieuxgrecs.com\/Genealogie_des_Dieux_grecs\/wp-json\/wp\/v2\/comments?post=741"}],"version-history":[{"count":3,"href":"https:\/\/genealogiedesdieuxgrecs.com\/Genealogie_des_Dieux_grecs\/wp-json\/wp\/v2\/pages\/741\/revisions"}],"predecessor-version":[{"id":2313,"href":"https:\/\/genealogiedesdieuxgrecs.com\/Genealogie_des_Dieux_grecs\/wp-json\/wp\/v2\/pages\/741\/revisions\/2313"}],"wp:attachment":[{"href":"https:\/\/genealogiedesdieuxgrecs.com\/Genealogie_des_Dieux_grecs\/wp-json\/wp\/v2\/media?parent=741"}],"curies":[{"name":"wp","href":"https:\/\/api.w.org\/{rel}","templated":true}]}}